{"id":56,"date":"2025-09-02T14:07:48","date_gmt":"2025-09-02T14:07:48","guid":{"rendered":"https:\/\/eitzert.de\/?page_id=56"},"modified":"2025-10-19T12:53:55","modified_gmt":"2025-10-19T12:53:55","slug":"home","status":"publish","type":"page","link":"https:\/\/eitzert.com\/","title":{"rendered":"HOME"},"content":{"rendered":"<div class=\"et_pb_section_0 et_pb_section et_section_regular et_flex_section\">\n<div class=\"et_pb_row_0 et_pb_row et_flex_row\">\n<div class=\"et_pb_column_0 et_pb_column et-last-child et_flex_column et_pb_css_mix_blend_mode_passthrough et_flex_column_24_24 et_flex_column_24_24_tablet et_flex_column_24_24_phone\">\n<div class=\"et_pb_text_0 et_pb_text et_pb_bg_layout_light et_pb_module et_flex_module\"><div class=\"et_pb_text_inner\"><h1>IT Principal Consultant<\/h1>\n<p>Telekommunikation - Banken - Versicherungen<\/p>\n<\/div><\/div>\n<\/div>\n<\/div>\n<\/div>\n\n<div class=\"et_pb_section_1 et_pb_section et_section_regular et_flex_section\">\n<div class=\"et_pb_row_1 et_pb_row et_flex_row\">\n<div class=\"et_pb_column_1 et_pb_column et_flex_column et_pb_css_mix_blend_mode_passthrough et_flex_column_24_24 et_flex_column_24_24_tablet et_flex_column_24_24_phone\">\n<div class=\"et_pb_image_0 et_pb_image et_pb_module et_flex_module\"><span class=\"et_pb_image_wrap\"><img loading=\"lazy\" decoding=\"async\" src=\"https:\/\/eitzert.com\/wp-content\/uploads\/2025\/09\/Erdkugel.png\" width=\"1250\" height=\"1240\" srcset=\"https:\/\/eitzert.com\/wp-content\/uploads\/2025\/09\/Erdkugel.png 1250w, https:\/\/eitzert.com\/wp-content\/uploads\/2025\/09\/Erdkugel-980x972.png 980w, https:\/\/eitzert.com\/wp-content\/uploads\/2025\/09\/Erdkugel-480x476.png 480w\" sizes=\"(min-width: 0px) and (max-width: 480px) 480px, (min-width: 481px) and (max-width: 980px) 980px, (min-width: 981px) 1250px, 100vw\" class=\"wp-image-70\" \/><\/span><\/div>\n<\/div>\n\n<div class=\"et_pb_column_2 et_pb_column et_flex_column et_pb_css_mix_blend_mode_passthrough et_flex_column_24_24 et_flex_column_24_24_tablet et_flex_column_24_24_phone\">\n<div class=\"et_pb_icon_0 et_pb_icon et_animated et_pb_module et_flex_module\"><span class=\"et_pb_icon_wrap\"><span class=\"et-pb-icon\">\uf3ed<\/span><\/span><\/div>\n\n<div class=\"et_pb_text_1 et_pb_text et_pb_bg_layout_light et_pb_module et_flex_module\"><div class=\"et_pb_text_inner\"><h2>100% sicher<\/h2>\n<\/div><\/div>\n\n<div class=\"et_pb_text_2 et_pb_text et_pb_bg_layout_light et_pb_module et_flex_module\"><div class=\"et_pb_text_inner\"><p style=\"text-align: center;\"><span>Sichere Datenverbindungen werden immer wichtiger. Hier den besten Standard zu bekommen ist mit gewohnten Mitteln nicht mehr zu realisieren. Hochsichere Verschl\u00fcsselungsverfahren, wie \u00fcber GPG, gew\u00e4hrleisten einen abgreifsicheren Datenverkehr.<\/span><\/p>\n<\/div><\/div>\n<\/div>\n\n<div class=\"et_pb_column_3 et_pb_column et_flex_column et_pb_css_mix_blend_mode_passthrough et_flex_column_24_24 et_flex_column_24_24_tablet et_flex_column_24_24_phone\">\n<div class=\"et_pb_image_1 et_pb_image et_pb_module et_flex_module\"><span class=\"et_pb_image_wrap\"><img loading=\"lazy\" decoding=\"async\" src=\"https:\/\/eitzert.com\/wp-content\/uploads\/2025\/09\/Handschlag.png\" width=\"1245\" height=\"1245\" srcset=\"https:\/\/eitzert.com\/wp-content\/uploads\/2025\/09\/Handschlag.png 1245w, https:\/\/eitzert.com\/wp-content\/uploads\/2025\/09\/Handschlag-980x980.png 980w, https:\/\/eitzert.com\/wp-content\/uploads\/2025\/09\/Handschlag-480x480.png 480w\" sizes=\"(min-width: 0px) and (max-width: 480px) 480px, (min-width: 481px) and (max-width: 980px) 980px, (min-width: 981px) 1245px, 100vw\" class=\"wp-image-71\" \/><\/span><\/div>\n<\/div>\n\n<div class=\"et_pb_column_4 et_pb_column et_flex_column et_pb_css_mix_blend_mode_passthrough et_flex_column_24_24 et_flex_column_24_24_tablet et_flex_column_24_24_phone\">\n<div class=\"et_pb_icon_1 et_pb_icon et_pb_module et_flex_module\"><span class=\"et_pb_icon_wrap\"><span class=\"et-pb-icon\">c<\/span><\/span><\/div>\n\n<div class=\"et_pb_text_3 et_pb_text et_pb_bg_layout_light et_pb_module et_flex_module\"><div class=\"et_pb_text_inner\"><h2 style=\"text-align: center;\">Automic UC4<\/h2>\n<\/div><\/div>\n\n<div class=\"et_pb_text_4 et_pb_text et_pb_bg_layout_light et_pb_module et_flex_module\"><div class=\"et_pb_text_inner\"><p style=\"text-align: center;\"><span>Automic (UC4) ist am Markt voll etabliert und bietet mit seiner Funktionalit\u00e4t sehr komplexe Abarbeitung in der Daten\u00fcbertragung zu internen und externen Systemen unterschiedlicher Betriebssystemen. Automic wird in den meisten Banken und Versicherungen f\u00fcr den schnellen Datenabgleich eingesetzt.<\/span><\/p>\n<\/div><\/div>\n<\/div>\n\n<div class=\"et_pb_column_5 et_pb_column et_flex_column et_pb_css_mix_blend_mode_passthrough et_flex_column_24_24 et_flex_column_24_24_tablet et_flex_column_24_24_phone\">\n<div class=\"et_pb_image_2 et_pb_image et_pb_module et_flex_module\"><span class=\"et_pb_image_wrap\"><img loading=\"lazy\" decoding=\"async\" src=\"https:\/\/eitzert.com\/wp-content\/uploads\/2025\/09\/erde.png\" width=\"1265\" height=\"1310\" srcset=\"https:\/\/eitzert.com\/wp-content\/uploads\/2025\/09\/erde.png 1265w, https:\/\/eitzert.com\/wp-content\/uploads\/2025\/09\/erde-980x1015.png 980w, https:\/\/eitzert.com\/wp-content\/uploads\/2025\/09\/erde-480x497.png 480w\" sizes=\"(min-width: 0px) and (max-width: 480px) 480px, (min-width: 481px) and (max-width: 980px) 980px, (min-width: 981px) 1265px, 100vw\" class=\"wp-image-72\" \/><\/span><\/div>\n<\/div>\n\n<div class=\"et_pb_column_6 et_pb_column et-last-child et_flex_column et_pb_css_mix_blend_mode_passthrough et_flex_column_24_24 et_flex_column_24_24_tablet et_flex_column_24_24_phone\">\n<div class=\"et_pb_icon_2 et_pb_icon et_pb_module et_flex_module\"><span class=\"et_pb_icon_wrap\"><span class=\"et-pb-icon\">\uf35b<\/span><\/span><\/div>\n\n<div class=\"et_pb_text_5 et_pb_text et_pb_bg_layout_light et_pb_module et_flex_module\"><div class=\"et_pb_text_inner\"><h2 style=\"text-align: center;\">Application Management<\/h2>\n<\/div><\/div>\n\n<div class=\"et_pb_text_6 et_pb_text et_pb_bg_layout_light et_pb_module et_flex_module\"><div class=\"et_pb_text_inner\"><p style=\"text-align: center;\"><span>Hochverf\u00fcgbare Systeme m\u00fcssen st\u00e4ndig beobachtet und auch gepflegt werden. Hierf\u00fcr sind entsprechende Experten einzusetzen. Vom Monitoring bis zum 2. level und teilweise auch 3. level-Support biete ich volle Unterst\u00fctzung. Incident- und Problem-Management inklusive<\/span><\/p>\n<\/div><\/div>\n<\/div>\n<\/div>\n<\/div>","protected":false},"excerpt":{"rendered":"","protected":false},"author":1,"featured_media":0,"parent":0,"menu_order":0,"comment_status":"closed","ping_status":"closed","template":"","meta":{"footnotes":""},"class_list":["post-56","page","type-page","status-publish","hentry"],"_links":{"self":[{"href":"https:\/\/eitzert.com\/index.php\/wp-json\/wp\/v2\/pages\/56","targetHints":{"allow":["GET"]}}],"collection":[{"href":"https:\/\/eitzert.com\/index.php\/wp-json\/wp\/v2\/pages"}],"about":[{"href":"https:\/\/eitzert.com\/index.php\/wp-json\/wp\/v2\/types\/page"}],"author":[{"embeddable":true,"href":"https:\/\/eitzert.com\/index.php\/wp-json\/wp\/v2\/users\/1"}],"replies":[{"embeddable":true,"href":"https:\/\/eitzert.com\/index.php\/wp-json\/wp\/v2\/comments?post=56"}],"version-history":[{"count":19,"href":"https:\/\/eitzert.com\/index.php\/wp-json\/wp\/v2\/pages\/56\/revisions"}],"predecessor-version":[{"id":140,"href":"https:\/\/eitzert.com\/index.php\/wp-json\/wp\/v2\/pages\/56\/revisions\/140"}],"wp:attachment":[{"href":"https:\/\/eitzert.com\/index.php\/wp-json\/wp\/v2\/media?parent=56"}],"curies":[{"name":"wp","href":"https:\/\/api.w.org\/{rel}","templated":true}]}}